{"id":841,"date":"2022-05-23T11:27:58","date_gmt":"2022-05-23T09:27:58","guid":{"rendered":"https:\/\/musicalune.com\/?page_id=841"},"modified":"2022-06-08T15:59:59","modified_gmt":"2022-06-08T13:59:59","slug":"a-propos","status":"publish","type":"page","link":"https:\/\/musicalune.com\/index.php\/a-propos\/","title":{"rendered":"A Propos"},"content":{"rendered":"\t\t<div data-elementor-type=\"wp-page\" data-elementor-id=\"841\" class=\"elementor elementor-841\">\n\t\t\t\t\t\t<section class=\"elementor-section elementor-top-section elementor-element elementor-element-d7e9283 elementor-section-stretched elementor-section-boxed elementor-section-height-default elementor-section-height-default\" data-id=\"d7e9283\" data-element_type=\"section\" data-settings=\"{&quot;stretch_section&quot;:&quot;section-stretched&quot;}\">\n\t\t\t\t\t\t<div class=\"elementor-container elementor-column-gap-default\">\n\t\t\t\t\t<div class=\"elementor-column elementor-col-50 elementor-top-column elementor-element elementor-element-348c476\" data-id=\"348c476\" data-element_type=\"column\" data-settings=\"{&quot;background_background&quot;:&quot;classic&quot;}\">\n\t\t\t<div class=\"elementor-widget-wrap elementor-element-populated\">\n\t\t\t\t\t\t<div class=\"elementor-element elementor-element-5a45692 elementor-widget__width-inherit elementor-widget-mobile__width-inherit elementor-widget elementor-widget-image\" data-id=\"5a45692\" data-element_type=\"widget\" data-widget_type=\"image.default\">\n\t\t\t\t<div class=\"elementor-widget-container\">\n\t\t\t<style>\/*! elementor - v3.23.0 - 05-08-2024 *\/\n.elementor-widget-image{text-align:center}.elementor-widget-image a{display:inline-block}.elementor-widget-image a img[src$=\".svg\"]{width:48px}.elementor-widget-image img{vertical-align:middle;display:inline-block}<\/style>\t\t\t\t\t\t\t\t\t\t<img fetchpriority=\"high\" width=\"660\" height=\"660\" src=\"https:\/\/musicalune.com\/wp-content\/uploads\/2022\/05\/fanny-design-bgnone.png\" class=\"attachment-large size-large wp-image-427\" alt=\"fanny-wilmet-prof-piano-montpellier musicalune cours piano home\" srcset=\"https:\/\/musicalune.com\/wp-content\/uploads\/2022\/05\/fanny-design-bgnone.png 800w, https:\/\/musicalune.com\/wp-content\/uploads\/2022\/05\/fanny-design-bgnone-300x300.png 300w, https:\/\/musicalune.com\/wp-content\/uploads\/2022\/05\/fanny-design-bgnone-150x150.png 150w, https:\/\/musicalune.com\/wp-content\/uploads\/2022\/05\/fanny-design-bgnone-768x768.png 768w\" sizes=\"(max-width: 660px) 100vw, 660px\" \/>\t\t\t\t\t\t\t\t\t\t\t\t\t<\/div>\n\t\t\t\t<\/div>\n\t\t\t\t\t<\/div>\n\t\t<\/div>\n\t\t\t\t<div class=\"elementor-column elementor-col-50 elementor-top-column elementor-element elementor-element-e760263\" data-id=\"e760263\" data-element_type=\"column\" data-settings=\"{&quot;background_background&quot;:&quot;classic&quot;}\">\n\t\t\t<div class=\"elementor-widget-wrap elementor-element-populated\">\n\t\t\t\t\t\t<div class=\"elementor-element elementor-element-9aea041 elementor-widget-mobile__width-inherit elementor-invisible elementor-widget elementor-widget-heading\" data-id=\"9aea041\" data-element_type=\"widget\" data-settings=\"{&quot;_animation&quot;:&quot;fadeInUp&quot;,&quot;_animation_delay&quot;:200}\" data-widget_type=\"heading.default\">\n\t\t\t\t<div class=\"elementor-widget-container\">\n\t\t\t<style>\/*! elementor - v3.23.0 - 05-08-2024 *\/\n.elementor-heading-title{padding:0;margin:0;line-height:1}.elementor-widget-heading .elementor-heading-title[class*=elementor-size-]>a{color:inherit;font-size:inherit;line-height:inherit}.elementor-widget-heading .elementor-heading-title.elementor-size-small{font-size:15px}.elementor-widget-heading .elementor-heading-title.elementor-size-medium{font-size:19px}.elementor-widget-heading .elementor-heading-title.elementor-size-large{font-size:29px}.elementor-widget-heading .elementor-heading-title.elementor-size-xl{font-size:39px}.elementor-widget-heading .elementor-heading-title.elementor-size-xxl{font-size:59px}<\/style><h1 class=\"elementor-heading-title elementor-size-default\">Fanny Wilmet<\/h1>\t\t<\/div>\n\t\t\t\t<\/div>\n\t\t\t\t\t<\/div>\n\t\t<\/div>\n\t\t\t\t\t<\/div>\n\t\t<\/section>\n\t\t\t\t<section class=\"elementor-section elementor-top-section elementor-element elementor-element-8c7a822 elementor-section-full_width elementor-section-content-middle elementor-section-stretched elementor-section-height-default elementor-section-height-default elementor-invisible\" data-id=\"8c7a822\" data-element_type=\"section\" data-settings=\"{&quot;stretch_section&quot;:&quot;section-stretched&quot;,&quot;background_background&quot;:&quot;classic&quot;,&quot;animation&quot;:&quot;fadeInUp&quot;}\">\n\t\t\t\t\t\t<div class=\"elementor-container elementor-column-gap-default\">\n\t\t\t\t\t<div class=\"elementor-column elementor-col-100 elementor-top-column elementor-element elementor-element-e97b5ff\" data-id=\"e97b5ff\" data-element_type=\"column\" data-settings=\"{&quot;background_background&quot;:&quot;classic&quot;}\">\n\t\t\t<div class=\"elementor-widget-wrap elementor-element-populated\">\n\t\t\t\t\t\t<section class=\"elementor-section elementor-inner-section elementor-element elementor-element-cf64315 elementor-section-content-middle elementor-section-full_width elementor-section-height-default elementor-section-height-default\" data-id=\"cf64315\" data-element_type=\"section\" data-settings=\"{&quot;background_background&quot;:&quot;classic&quot;}\">\n\t\t\t\t\t\t<div class=\"elementor-container elementor-column-gap-no\">\n\t\t\t\t\t<div class=\"elementor-column elementor-col-100 elementor-inner-column elementor-element elementor-element-0a76ccb\" data-id=\"0a76ccb\" data-element_type=\"column\">\n\t\t\t<div class=\"elementor-widget-wrap elementor-element-populated\">\n\t\t\t\t\t\t<div class=\"elementor-element elementor-element-d69b32b elementor-drop-cap-yes elementor-drop-cap-view-default elementor-invisible elementor-widget elementor-widget-text-editor\" data-id=\"d69b32b\" data-element_type=\"widget\" data-settings=\"{&quot;_animation&quot;:&quot;fadeInUp&quot;,&quot;_animation_delay&quot;:400,&quot;drop_cap&quot;:&quot;yes&quot;}\" data-widget_type=\"text-editor.default\">\n\t\t\t\t<div class=\"elementor-widget-container\">\n\t\t\t<style>\/*! elementor - v3.23.0 - 05-08-2024 *\/\n.elementor-widget-text-editor.elementor-drop-cap-view-stacked .elementor-drop-cap{background-color:#69727d;color:#fff}.elementor-widget-text-editor.elementor-drop-cap-view-framed .elementor-drop-cap{color:#69727d;border:3px solid;background-color:transparent}.elementor-widget-text-editor:not(.elementor-drop-cap-view-default) .elementor-drop-cap{margin-top:8px}.elementor-widget-text-editor:not(.elementor-drop-cap-view-default) .elementor-drop-cap-letter{width:1em;height:1em}.elementor-widget-text-editor .elementor-drop-cap{float:left;text-align:center;line-height:1;font-size:50px}.elementor-widget-text-editor .elementor-drop-cap-letter{display:inline-block}<\/style>\t\t\t\t<p>J&#8217;ai commenc\u00e9 la musique \u00e0 l&#8217;\u00e2ge de 8 ans, tr\u00e8s m\u00e9lomane depuis mon plus jeune \u00e2ge. C&#8217;est ma grand-m\u00e8re maternelle qui m&#8217;a transmis le go\u00fbt de la musique classique, et notamment pour les plus belles pi\u00e8ces de piano. Elle jouait elle-m\u00eame tr\u00e8s bien de cet instrument et nous avons partag\u00e9 de grands moments de joie autour de cet instrument et des grands compositeurs\u2026.<br \/>Tout au long de mon parcours, j&#8217;ai \u00e9tudi\u00e9 avec 4 professeurs diff\u00e9rents, qui m&#8217;ont aid\u00e9 \u00e0 progresser avec chacun une p\u00e9dagogie qui leur \u00e9tait personnelle.<br \/>J&#8217;ai rejoint le conservatoire de St Etienne (42) \u00e0 l&#8217;\u00e2ge de 18 ans o\u00f9 j&#8217;ai \u00e9tudi\u00e9 la formation musicale (le solf\u00e8ge) et l&#8217;harmonie (les r\u00e8gles de l&#8217;\u00e9criture musicale).<br \/>En parall\u00e8le j&#8217;ai \u00e9tudi\u00e9 la musicologie \u00e0 l&#8217;universit\u00e9 et j&#8217;ai obtenu une licence (histoire de la musique ancienne, du classique, du jazz, chorale et direction de ch\u0153ur, cr\u00e9ation avec d&#8217;autres \u00e9tudiants).<\/p>\t\t\t\t\t\t<\/div>\n\t\t\t\t<\/div>\n\t\t\t\t\t<\/div>\n\t\t<\/div>\n\t\t\t\t\t<\/div>\n\t\t<\/section>\n\t\t\t\t\t<\/div>\n\t\t<\/div>\n\t\t\t\t\t<\/div>\n\t\t<\/section>\n\t\t\t\t<section class=\"elementor-section elementor-top-section elementor-element elementor-element-0e22bf0 elementor-section-boxed elementor-section-height-default elementor-section-height-default\" data-id=\"0e22bf0\" data-element_type=\"section\">\n\t\t\t\t\t\t<div class=\"elementor-container elementor-column-gap-default\">\n\t\t\t\t\t<div class=\"elementor-column elementor-col-100 elementor-top-column elementor-element elementor-element-f55720e\" data-id=\"f55720e\" data-element_type=\"column\">\n\t\t\t<div class=\"elementor-widget-wrap elementor-element-populated\">\n\t\t\t\t\t\t<div class=\"elementor-element elementor-element-69b9f9b elementor-widget elementor-widget-spacer\" data-id=\"69b9f9b\" data-element_type=\"widget\" data-widget_type=\"spacer.default\">\n\t\t\t\t<div class=\"elementor-widget-container\">\n\t\t\t<style>\/*! elementor - v3.23.0 - 05-08-2024 *\/\n.elementor-column .elementor-spacer-inner{height:var(--spacer-size)}.e-con{--container-widget-width:100%}.e-con-inner>.elementor-widget-spacer,.e-con>.elementor-widget-spacer{width:var(--container-widget-width,var(--spacer-size));--align-self:var(--container-widget-align-self,initial);--flex-shrink:0}.e-con-inner>.elementor-widget-spacer>.elementor-widget-container,.e-con>.elementor-widget-spacer>.elementor-widget-container{height:100%;width:100%}.e-con-inner>.elementor-widget-spacer>.elementor-widget-container>.elementor-spacer,.e-con>.elementor-widget-spacer>.elementor-widget-container>.elementor-spacer{height:100%}.e-con-inner>.elementor-widget-spacer>.elementor-widget-container>.elementor-spacer>.elementor-spacer-inner,.e-con>.elementor-widget-spacer>.elementor-widget-container>.elementor-spacer>.elementor-spacer-inner{height:var(--container-widget-height,var(--spacer-size))}.e-con-inner>.elementor-widget-spacer.elementor-widget-empty,.e-con>.elementor-widget-spacer.elementor-widget-empty{position:relative;min-height:22px;min-width:22px}.e-con-inner>.elementor-widget-spacer.elementor-widget-empty .elementor-widget-empty-icon,.e-con>.elementor-widget-spacer.elementor-widget-empty .elementor-widget-empty-icon{position:absolute;top:0;bottom:0;left:0;right:0;margin:auto;padding:0;width:22px;height:22px}<\/style>\t\t<div class=\"elementor-spacer\">\n\t\t\t<div class=\"elementor-spacer-inner\"><\/div>\n\t\t<\/div>\n\t\t\t\t<\/div>\n\t\t\t\t<\/div>\n\t\t\t\t\t<\/div>\n\t\t<\/div>\n\t\t\t\t\t<\/div>\n\t\t<\/section>\n\t\t\t\t<section class=\"elementor-section elementor-top-section elementor-element elementor-element-b0eb2e5 elementor-section-full_width elementor-section-stretched elementor-section-height-default elementor-section-height-default\" data-id=\"b0eb2e5\" data-element_type=\"section\" data-settings=\"{&quot;stretch_section&quot;:&quot;section-stretched&quot;,&quot;background_background&quot;:&quot;classic&quot;}\">\n\t\t\t\t\t\t\t<div class=\"elementor-background-overlay\"><\/div>\n\t\t\t\t\t\t\t<div class=\"elementor-container elementor-column-gap-default\">\n\t\t\t\t\t<div class=\"elementor-column elementor-col-50 elementor-top-column elementor-element elementor-element-1ef3637\" data-id=\"1ef3637\" data-element_type=\"column\">\n\t\t\t<div class=\"elementor-widget-wrap elementor-element-populated\">\n\t\t\t\t\t\t<div class=\"elementor-element elementor-element-bd34f02 elementor-invisible elementor-widget elementor-widget-heading\" data-id=\"bd34f02\" data-element_type=\"widget\" data-settings=\"{&quot;_animation&quot;:&quot;fadeInUp&quot;,&quot;_animation_delay&quot;:200}\" data-widget_type=\"heading.default\">\n\t\t\t\t<div class=\"elementor-widget-container\">\n\t\t\t<h2 class=\"elementor-heading-title elementor-size-default\">Ma formation<\/h2>\t\t<\/div>\n\t\t\t\t<\/div>\n\t\t\t\t<div class=\"elementor-element elementor-element-c823b4a elementor-invisible elementor-widget elementor-widget-text-editor\" data-id=\"c823b4a\" data-element_type=\"widget\" data-settings=\"{&quot;_animation&quot;:&quot;fadeIn&quot;,&quot;_animation_delay&quot;:600}\" data-widget_type=\"text-editor.default\">\n\t\t\t\t<div class=\"elementor-widget-container\">\n\t\t\t\t\t\t\t<p>J&#8217;ai enseign\u00e9 plusieurs ann\u00e9es \u00e0 l&#8217;\u00e9cole de musique de l&#8217;Horme ainsi qu&#8217;\u00e0 celle de Lorette (42). Je donnais des cours de formation musicale (solf\u00e8ge) \u00e0 des groupes de 5 \u00e0 10 \u00e9l\u00e8ves dans plusieurs niveaux. J&#8217;animais les s\u00e9ances d&#8217;\u00e9veil musical pour les petits de 3 \u00e0 5 ans. J&#8217;enseignais le piano en cours particulier. Nous \u00e9tions une \u00e9quipe de plusieurs professeurs et nous organisions des auditions pour nos \u00e9l\u00e8ves. J&#8217;ai aussi travaill\u00e9 en tant que prof de piano \u00e0 l&#8217;\u00e9cole du centre de St Etienne. J&#8217;ai \u00e9galement enseign\u00e9 en cours priv\u00e9, \u00e0 des personnes de tout \u00e2ge.<\/p>\t\t\t\t\t\t<\/div>\n\t\t\t\t<\/div>\n\t\t\t\t\t<\/div>\n\t\t<\/div>\n\t\t\t\t<div class=\"elementor-column elementor-col-50 elementor-top-column elementor-element elementor-element-47bfb85\" data-id=\"47bfb85\" data-element_type=\"column\">\n\t\t\t<div class=\"elementor-widget-wrap elementor-element-populated\">\n\t\t\t\t\t\t<div class=\"elementor-element elementor-element-3f5a600 elementor-invisible elementor-widget elementor-widget-heading\" data-id=\"3f5a600\" data-element_type=\"widget\" data-settings=\"{&quot;_animation&quot;:&quot;fadeInUp&quot;,&quot;_animation_delay&quot;:200}\" data-widget_type=\"heading.default\">\n\t\t\t\t<div class=\"elementor-widget-container\">\n\t\t\t<h2 class=\"elementor-heading-title elementor-size-default\">La p\u00e9dagogie Musicalune<\/h2>\t\t<\/div>\n\t\t\t\t<\/div>\n\t\t\t\t<div class=\"elementor-element elementor-element-a9e22f8 elementor-invisible elementor-widget elementor-widget-text-editor\" data-id=\"a9e22f8\" data-element_type=\"widget\" data-settings=\"{&quot;_animation&quot;:&quot;fadeIn&quot;,&quot;_animation_delay&quot;:600}\" data-widget_type=\"text-editor.default\">\n\t\t\t\t<div class=\"elementor-widget-container\">\n\t\t\t\t\t\t\t<p>Il me tient \u00e0 c\u0153ur d&#8217;enseigner dans la bonne humeur.<br \/>Je privil\u00e9gie l&#8217;entraide et le partage entre les \u00e9l\u00e8ves plut\u00f4t que la comp\u00e9tition.<br \/>Nous jouons ensemble \u00e0 4 mains d\u00e8s les premiers mois, et les \u00e9l\u00e8ves progressent chacun \u00e0 leur rythme. Je suis \u00e0 l&#8217;\u00e9coute de chacun.e et je les laisse me proposer des partitions qu&#8217;ils ont envie de jouer. Je leur propose aussi un r\u00e9pertoire vari\u00e9 en m&#8217;adaptant au niveau de chacun.e.<br \/>Chacun.e de mes \u00e9l\u00e8ves doit se sentir libre de continuer \u00e0 prendre les cours ou d&#8217;arr\u00eater, il est important que chacun.e vienne avec envie.<br \/>Je propose des s\u00e9ances de 40 min avec une formule pratique incluant une dizaine de minutes de th\u00e9orie (lecture de notes, de rythmes) et une trentaine de minutes de pratique de l&#8217;instrument.<br \/>Les d\u00e9butant.e.s adultes et enfants sont les bienvenu.e.s. On peut commencer le piano \u00e0 tout \u00e2ge !<\/p>\t\t\t\t\t\t<\/div>\n\t\t\t\t<\/div>\n\t\t\t\t\t<\/div>\n\t\t<\/div>\n\t\t\t\t\t<\/div>\n\t\t<\/section>\n\t\t\t\t<section class=\"elementor-section elementor-top-section elementor-element elementor-element-aca0dc6 elementor-section-full_width elementor-section-stretched elementor-section-height-default elementor-section-height-default\" data-id=\"aca0dc6\" data-element_type=\"section\" data-settings=\"{&quot;stretch_section&quot;:&quot;section-stretched&quot;}\">\n\t\t\t\t\t\t<div class=\"elementor-container elementor-column-gap-default\">\n\t\t\t\t\t<div class=\"elementor-column elementor-col-100 elementor-top-column elementor-element elementor-element-5743b80\" data-id=\"5743b80\" data-element_type=\"column\">\n\t\t\t<div class=\"elementor-widget-wrap\">\n\t\t\t\t\t\t\t<\/div>\n\t\t<\/div>\n\t\t\t\t\t<\/div>\n\t\t<\/section>\n\t\t\t\t<\/div>\n\t\t","protected":false},"excerpt":{"rendered":"<p>Fanny Wilmet J&#8217;ai commenc\u00e9 la musique \u00e0 l&#8217;\u00e2ge de 8 ans, tr\u00e8s m\u00e9lomane depuis mon plus jeune \u00e2ge. C&#8217;est ma grand-m\u00e8re maternelle qui m&#8217;a transmis le go\u00fbt de la musique classique, et notamment pour les plus belles pi\u00e8ces de piano. Elle jouait elle-m\u00eame tr\u00e8s bien de cet instrument et nous avons partag\u00e9 de grands moments [&hellip;]<\/p>\n","protected":false},"author":1,"featured_media":0,"parent":0,"menu_order":0,"comment_status":"closed","ping_status":"closed","template":"","meta":{"hide_page_title":"","_monsterinsights_skip_tracking":false,"_monsterinsights_sitenote_active":false,"_monsterinsights_sitenote_note":"","_monsterinsights_sitenote_category":0},"yoast_head":"<!-- This site is optimized with the Yoast SEO plugin v20.6 - https:\/\/yoast.com\/wordpress\/plugins\/seo\/ -->\n<title>A Propos - Musicalune<\/title>\n<meta name=\"robots\" content=\"index, follow, max-snippet:-1, max-image-preview:large, max-video-preview:-1\" \/>\n<link rel=\"canonical\" href=\"https:\/\/musicalune.com\/index.php\/a-propos\/\" \/>\n<meta property=\"og:locale\" content=\"en_US\" \/>\n<meta property=\"og:type\" content=\"article\" \/>\n<meta property=\"og:title\" content=\"A Propos - Musicalune\" \/>\n<meta property=\"og:description\" content=\"Fanny Wilmet J&#8217;ai commenc\u00e9 la musique \u00e0 l&#8217;\u00e2ge de 8 ans, tr\u00e8s m\u00e9lomane depuis mon plus jeune \u00e2ge. C&#8217;est ma grand-m\u00e8re maternelle qui m&#8217;a transmis le go\u00fbt de la musique classique, et notamment pour les plus belles pi\u00e8ces de piano. Elle jouait elle-m\u00eame tr\u00e8s bien de cet instrument et nous avons partag\u00e9 de grands moments [&hellip;]\" \/>\n<meta property=\"og:url\" content=\"https:\/\/musicalune.com\/index.php\/a-propos\/\" \/>\n<meta property=\"og:site_name\" content=\"Musicalune\" \/>\n<meta property=\"article:modified_time\" content=\"2022-06-08T13:59:59+00:00\" \/>\n<meta property=\"og:image\" content=\"http:\/\/musicalune.com\/wp-content\/uploads\/2022\/05\/fanny-design-bgnone.png\" \/>\n<meta name=\"twitter:card\" content=\"summary_large_image\" \/>\n<meta name=\"twitter:label1\" content=\"Est. reading time\" \/>\n\t<meta name=\"twitter:data1\" content=\"3 minutes\" \/>\n<script type=\"application\/ld+json\" class=\"yoast-schema-graph\">{\"@context\":\"https:\/\/schema.org\",\"@graph\":[{\"@type\":\"WebPage\",\"@id\":\"https:\/\/musicalune.com\/index.php\/a-propos\/\",\"url\":\"https:\/\/musicalune.com\/index.php\/a-propos\/\",\"name\":\"A Propos - Musicalune\",\"isPartOf\":{\"@id\":\"https:\/\/musicalune.com\/#website\"},\"datePublished\":\"2022-05-23T09:27:58+00:00\",\"dateModified\":\"2022-06-08T13:59:59+00:00\",\"breadcrumb\":{\"@id\":\"https:\/\/musicalune.com\/index.php\/a-propos\/#breadcrumb\"},\"inLanguage\":\"en-US\",\"potentialAction\":[{\"@type\":\"ReadAction\",\"target\":[\"https:\/\/musicalune.com\/index.php\/a-propos\/\"]}]},{\"@type\":\"BreadcrumbList\",\"@id\":\"https:\/\/musicalune.com\/index.php\/a-propos\/#breadcrumb\",\"itemListElement\":[{\"@type\":\"ListItem\",\"position\":1,\"name\":\"Accueil\",\"item\":\"https:\/\/musicalune.com\/\"},{\"@type\":\"ListItem\",\"position\":2,\"name\":\"A Propos\"}]},{\"@type\":\"WebSite\",\"@id\":\"https:\/\/musicalune.com\/#website\",\"url\":\"https:\/\/musicalune.com\/\",\"name\":\"Musicalune\",\"description\":\"Apprendre dans la bonne humeur\",\"publisher\":{\"@id\":\"https:\/\/musicalune.com\/#\/schema\/person\/392dc28a008732461c37eedc38e9d812\"},\"potentialAction\":[{\"@type\":\"SearchAction\",\"target\":{\"@type\":\"EntryPoint\",\"urlTemplate\":\"https:\/\/musicalune.com\/?s={search_term_string}\"},\"query-input\":\"required name=search_term_string\"}],\"inLanguage\":\"en-US\"},{\"@type\":[\"Person\",\"Organization\"],\"@id\":\"https:\/\/musicalune.com\/#\/schema\/person\/392dc28a008732461c37eedc38e9d812\",\"name\":\"admin9439\",\"image\":{\"@type\":\"ImageObject\",\"inLanguage\":\"en-US\",\"@id\":\"https:\/\/musicalune.com\/#\/schema\/person\/image\/\",\"url\":\"http:\/\/musicalune.com\/wp-content\/uploads\/2022\/05\/Carte-Musicalune.png\",\"contentUrl\":\"http:\/\/musicalune.com\/wp-content\/uploads\/2022\/05\/Carte-Musicalune.png\",\"width\":1168,\"height\":546,\"caption\":\"admin9439\"},\"logo\":{\"@id\":\"https:\/\/musicalune.com\/#\/schema\/person\/image\/\"},\"sameAs\":[\"http:\/\/musicalune.com\"]}]}<\/script>\n<!-- \/ Yoast SEO plugin. -->","yoast_head_json":{"title":"A Propos - Musicalune","robots":{"index":"index","follow":"follow","max-snippet":"max-snippet:-1","max-image-preview":"max-image-preview:large","max-video-preview":"max-video-preview:-1"},"canonical":"https:\/\/musicalune.com\/index.php\/a-propos\/","og_locale":"en_US","og_type":"article","og_title":"A Propos - Musicalune","og_description":"Fanny Wilmet J&#8217;ai commenc\u00e9 la musique \u00e0 l&#8217;\u00e2ge de 8 ans, tr\u00e8s m\u00e9lomane depuis mon plus jeune \u00e2ge. C&#8217;est ma grand-m\u00e8re maternelle qui m&#8217;a transmis le go\u00fbt de la musique classique, et notamment pour les plus belles pi\u00e8ces de piano. Elle jouait elle-m\u00eame tr\u00e8s bien de cet instrument et nous avons partag\u00e9 de grands moments [&hellip;]","og_url":"https:\/\/musicalune.com\/index.php\/a-propos\/","og_site_name":"Musicalune","article_modified_time":"2022-06-08T13:59:59+00:00","og_image":[{"url":"http:\/\/musicalune.com\/wp-content\/uploads\/2022\/05\/fanny-design-bgnone.png"}],"twitter_card":"summary_large_image","twitter_misc":{"Est. reading time":"3 minutes"},"schema":{"@context":"https:\/\/schema.org","@graph":[{"@type":"WebPage","@id":"https:\/\/musicalune.com\/index.php\/a-propos\/","url":"https:\/\/musicalune.com\/index.php\/a-propos\/","name":"A Propos - Musicalune","isPartOf":{"@id":"https:\/\/musicalune.com\/#website"},"datePublished":"2022-05-23T09:27:58+00:00","dateModified":"2022-06-08T13:59:59+00:00","breadcrumb":{"@id":"https:\/\/musicalune.com\/index.php\/a-propos\/#breadcrumb"},"inLanguage":"en-US","potentialAction":[{"@type":"ReadAction","target":["https:\/\/musicalune.com\/index.php\/a-propos\/"]}]},{"@type":"BreadcrumbList","@id":"https:\/\/musicalune.com\/index.php\/a-propos\/#breadcrumb","itemListElement":[{"@type":"ListItem","position":1,"name":"Accueil","item":"https:\/\/musicalune.com\/"},{"@type":"ListItem","position":2,"name":"A Propos"}]},{"@type":"WebSite","@id":"https:\/\/musicalune.com\/#website","url":"https:\/\/musicalune.com\/","name":"Musicalune","description":"Apprendre dans la bonne humeur","publisher":{"@id":"https:\/\/musicalune.com\/#\/schema\/person\/392dc28a008732461c37eedc38e9d812"},"potentialAction":[{"@type":"SearchAction","target":{"@type":"EntryPoint","urlTemplate":"https:\/\/musicalune.com\/?s={search_term_string}"},"query-input":"required name=search_term_string"}],"inLanguage":"en-US"},{"@type":["Person","Organization"],"@id":"https:\/\/musicalune.com\/#\/schema\/person\/392dc28a008732461c37eedc38e9d812","name":"admin9439","image":{"@type":"ImageObject","inLanguage":"en-US","@id":"https:\/\/musicalune.com\/#\/schema\/person\/image\/","url":"http:\/\/musicalune.com\/wp-content\/uploads\/2022\/05\/Carte-Musicalune.png","contentUrl":"http:\/\/musicalune.com\/wp-content\/uploads\/2022\/05\/Carte-Musicalune.png","width":1168,"height":546,"caption":"admin9439"},"logo":{"@id":"https:\/\/musicalune.com\/#\/schema\/person\/image\/"},"sameAs":["http:\/\/musicalune.com"]}]}},"_links":{"self":[{"href":"https:\/\/musicalune.com\/index.php\/wp-json\/wp\/v2\/pages\/841"}],"collection":[{"href":"https:\/\/musicalune.com\/index.php\/wp-json\/wp\/v2\/pages"}],"about":[{"href":"https:\/\/musicalune.com\/index.php\/wp-json\/wp\/v2\/types\/page"}],"author":[{"embeddable":true,"href":"https:\/\/musicalune.com\/index.php\/wp-json\/wp\/v2\/users\/1"}],"replies":[{"embeddable":true,"href":"https:\/\/musicalune.com\/index.php\/wp-json\/wp\/v2\/comments?post=841"}],"version-history":[{"count":90,"href":"https:\/\/musicalune.com\/index.php\/wp-json\/wp\/v2\/pages\/841\/revisions"}],"predecessor-version":[{"id":1108,"href":"https:\/\/musicalune.com\/index.php\/wp-json\/wp\/v2\/pages\/841\/revisions\/1108"}],"wp:attachment":[{"href":"https:\/\/musicalune.com\/index.php\/wp-json\/wp\/v2\/media?parent=841"}],"curies":[{"name":"wp","href":"https:\/\/api.w.org\/{rel}","templated":true}]}}